{"id":3944,"date":"2022-09-27T19:45:35","date_gmt":"2022-09-27T19:45:35","guid":{"rendered":"https:\/\/promoplastik.com\/faq\/"},"modified":"2022-12-15T19:32:03","modified_gmt":"2022-12-15T19:32:03","slug":"faq","status":"publish","type":"page","link":"https:\/\/archives.promoplastik.com\/fr\/faq\/","title":{"rendered":"FAQ"},"content":{"rendered":"<div class=\"fusion-fullwidth fullwidth-box fusion-builder-row-1 fusion-flex-container has-pattern-background has-mask-background nonhundred-percent-fullwidth non-hundred-percent-height-scrolling\" style=\"--awb-border-radius-top-left:0px;--awb-border-radius-top-right:0px;--awb-border-radius-bottom-right:0px;--awb-border-radius-bottom-left:0px;--awb-flex-wrap:wrap;\" ><div class=\"fusion-builder-row fusion-row fusion-flex-align-items-flex-start fusion-flex-content-wrap\" style=\"max-width:1248px;margin-left: calc(-4% \/ 2 );margin-right: calc(-4% \/ 2 );\"><div class=\"fusion-layout-column fusion_builder_column fusion-builder-column-0 fusion_builder_column_1_1 1_1 fusion-flex-column\" style=\"--awb-bg-size:cover;--awb-width-large:100%;--awb-margin-top-large:10px;--awb-spacing-right-large:1.92%;--awb-margin-bottom-large:0px;--awb-spacing-left-large:1.92%;--awb-width-medium:100%;--awb-order-medium:0;--awb-spacing-right-medium:1.92%;--awb-spacing-left-medium:1.92%;--awb-width-small:100%;--awb-order-small:0;--awb-spacing-right-small:1.92%;--awb-spacing-left-small:1.92%;\"><div class=\"fusion-column-wrapper fusion-column-has-shadow fusion-flex-justify-content-flex-start fusion-content-layout-column\"><div class=\"fusion-title title fusion-title-1 fusion-sep-none fusion-title-text fusion-title-size-one\"><h1 class=\"fusion-title-heading title-heading-left fusion-responsive-typography-calculated\" style=\"margin:0;--fontSize:46;line-height:var(--awb-typography1-line-height);\">FAQ<\/h1><\/div><div class=\"accordian fusion-accordian\" style=\"--awb-border-size:1px;--awb-icon-size:16px;--awb-content-font-size:var(--awb-typography4-font-size);--awb-icon-alignment:left;--awb-hover-color:var(--awb-color2);--awb-border-color:var(--awb-color3);--awb-background-color:var(--awb-color1);--awb-divider-color:var(--awb-color3);--awb-divider-hover-color:var(--awb-color3);--awb-icon-color:var(--awb-color1);--awb-title-color:var(--awb-color8);--awb-content-color:var(--awb-color8);--awb-icon-box-color:var(--awb-color8);--awb-toggle-hover-accent-color:var(--awb-color5);--awb-title-font-family:var(--awb-typography1-font-family);--awb-title-font-weight:var(--awb-typography1-font-weight);--awb-title-font-style:var(--awb-typography1-font-style);--awb-title-font-size:24px;--awb-title-letter-spacing:-0.01em;--awb-title-line-height:1.46;--awb-content-font-family:var(--awb-typography4-font-family);--awb-content-font-weight:var(--awb-typography4-font-weight);--awb-content-font-style:var(--awb-typography4-font-style);\"><div class=\"panel-group fusion-toggle-icon-boxed\" id=\"accordion-3944-1\"><div class=\"fusion-panel panel-default panel-319e5f1a813e542d5 fusion-toggle-has-divider\"><div class=\"panel-heading\"><h4 class=\"panel-title toggle\" id=\"toggle_319e5f1a813e542d5\"><a aria-expanded=\"false\" aria-controls=\"319e5f1a813e542d5\" role=\"button\" data-toggle=\"collapse\" data-parent=\"#accordion-3944-1\" data-target=\"#319e5f1a813e542d5\" href=\"#319e5f1a813e542d5\"><span class=\"fusion-toggle-icon-wrapper\" aria-hidden=\"true\"><i class=\"fa-fusion-box active-icon awb-icon-minus\" aria-hidden=\"true\"><\/i><i class=\"fa-fusion-box inactive-icon awb-icon-plus\" aria-hidden=\"true\"><\/i><\/span><span class=\"fusion-toggle-heading\">Quels sont vos frais de mise en marche ?<\/span><\/a><\/h4><\/div><div id=\"319e5f1a813e542d5\" class=\"panel-collapse collapse \" aria-labelledby=\"toggle_319e5f1a813e542d5\"><div class=\"panel-body toggle-content fusion-clearfix\">\n<p>\n  Nous ne les avons pas. Nous pensons qu&rsquo;il est pr\u00e9f\u00e9rable et plus facile pour tous de proposer un prix global sur lequel les clients peuvent compter.\n\t<\/p>\n<\/div><\/div><\/div><div class=\"fusion-panel panel-default panel-a446dde022bb831ab fusion-toggle-has-divider\"><div class=\"panel-heading\"><h4 class=\"panel-title toggle\" id=\"toggle_a446dde022bb831ab\"><a aria-expanded=\"false\" aria-controls=\"a446dde022bb831ab\" role=\"button\" data-toggle=\"collapse\" data-parent=\"#accordion-3944-1\" data-target=\"#a446dde022bb831ab\" href=\"#a446dde022bb831ab\"><span class=\"fusion-toggle-icon-wrapper\" aria-hidden=\"true\"><i class=\"fa-fusion-box active-icon awb-icon-minus\" aria-hidden=\"true\"><\/i><i class=\"fa-fusion-box inactive-icon awb-icon-plus\" aria-hidden=\"true\"><\/i><\/span><span class=\"fusion-toggle-heading\">Quel format de fichier acceptez-vous ?<\/span><\/a><\/h4><\/div><div id=\"a446dde022bb831ab\" class=\"panel-collapse collapse \" aria-labelledby=\"toggle_a446dde022bb831ab\"><div class=\"panel-body toggle-content fusion-clearfix\">\n<div>\n Nous avons besoin d&rsquo;un fichier .EPS ou .AI. Nous acceptons \u00e9galement les PDF s&rsquo;ils sont vectoris\u00e9s. <\/div>\n<div>\n<p>Lisez notre article sur les images vectorielles et matricielles <a href=\"https:\/\/promoplastik.com\/fr\/pixel-contre-vecteur\/\">ici<\/a>.<\/p>\n<\/div>\n<\/div><\/div><\/div><div class=\"fusion-panel panel-default panel-d1e6d91e40486c56b fusion-toggle-has-divider\"><div class=\"panel-heading\"><h4 class=\"panel-title toggle\" id=\"toggle_d1e6d91e40486c56b\"><a aria-expanded=\"false\" aria-controls=\"d1e6d91e40486c56b\" role=\"button\" data-toggle=\"collapse\" data-parent=\"#accordion-3944-1\" data-target=\"#d1e6d91e40486c56b\" href=\"#d1e6d91e40486c56b\"><span class=\"fusion-toggle-icon-wrapper\" aria-hidden=\"true\"><i class=\"fa-fusion-box active-icon awb-icon-minus\" aria-hidden=\"true\"><\/i><i class=\"fa-fusion-box inactive-icon awb-icon-plus\" aria-hidden=\"true\"><\/i><\/span><span class=\"fusion-toggle-heading\">Gardez-vous les montages ?<\/span><\/a><\/h4><\/div><div id=\"d1e6d91e40486c56b\" class=\"panel-collapse collapse \" aria-labelledby=\"toggle_d1e6d91e40486c56b\"><div class=\"panel-body toggle-content fusion-clearfix\">\n<p>\n  Absolument ! Nous conservons les images : cela facilite la r\u00e9p\u00e9tition des commandes, ainsi que les nouvelles commandes avec la m\u00eame illustration.\n\t<\/p>\n<\/div><\/div><\/div><div class=\"fusion-panel panel-default panel-5906c36cf3e87f945 fusion-toggle-has-divider\"><div class=\"panel-heading\"><h4 class=\"panel-title toggle\" id=\"toggle_5906c36cf3e87f945\"><a aria-expanded=\"false\" aria-controls=\"5906c36cf3e87f945\" role=\"button\" data-toggle=\"collapse\" data-parent=\"#accordion-3944-1\" data-target=\"#5906c36cf3e87f945\" href=\"#5906c36cf3e87f945\"><span class=\"fusion-toggle-icon-wrapper\" aria-hidden=\"true\"><i class=\"fa-fusion-box active-icon awb-icon-minus\" aria-hidden=\"true\"><\/i><i class=\"fa-fusion-box inactive-icon awb-icon-plus\" aria-hidden=\"true\"><\/i><\/span><span class=\"fusion-toggle-heading\">Puis-je sp\u00e9cifier une couleur PMS ?<\/span><\/a><\/h4><\/div><div id=\"5906c36cf3e87f945\" class=\"panel-collapse collapse \" aria-labelledby=\"toggle_5906c36cf3e87f945\"><div class=\"panel-body toggle-content fusion-clearfix\">\n<p>Nous offrons gratuitement la correspondance Pantone pour les articles en plastique blanc imprim\u00e9s par tampographie ou s\u00e9rigraphie.<\/p>\n<p>Ce n&rsquo;est pas possible en quadrichromie : nous convertissons les Pantone en quadrichromie, le plus pr\u00e8s possible.<\/p>\n<p>Lisez notre article sur la conversion des couleurs<a href=\"https:\/\/promoplastik.com\/fr\/conversion-de-la-couleur\/\"><b>ici<\/b><\/a>. <\/p>\n<\/div><\/div><\/div><div class=\"fusion-panel panel-default panel-d53801602009ba6c7 fusion-toggle-has-divider\"><div class=\"panel-heading\"><h4 class=\"panel-title toggle\" id=\"toggle_d53801602009ba6c7\"><a aria-expanded=\"false\" aria-controls=\"d53801602009ba6c7\" role=\"button\" data-toggle=\"collapse\" data-parent=\"#accordion-3944-1\" data-target=\"#d53801602009ba6c7\" href=\"#d53801602009ba6c7\"><span class=\"fusion-toggle-icon-wrapper\" aria-hidden=\"true\"><i class=\"fa-fusion-box active-icon awb-icon-minus\" aria-hidden=\"true\"><\/i><i class=\"fa-fusion-box inactive-icon awb-icon-plus\" aria-hidden=\"true\"><\/i><\/span><span class=\"fusion-toggle-heading\">Puis-je exp\u00e9dier mes produits vers plus d'une destination finale ?<\/span><\/a><\/h4><\/div><div id=\"d53801602009ba6c7\" class=\"panel-collapse collapse \" aria-labelledby=\"toggle_d53801602009ba6c7\"><div class=\"panel-body toggle-content fusion-clearfix\">\n<p>Oui, nous pouvons exp\u00e9dier votre commande vers plusieurs destinations finales. Vous devez nous indiquer la quantit\u00e9 exacte et l&rsquo;adresse compl\u00e8te pour chaque destination.<\/p>\n<\/div><\/div><\/div><div class=\"fusion-panel panel-default panel-74581afa300bbfc98 fusion-toggle-has-divider\"><div class=\"panel-heading\"><h4 class=\"panel-title toggle\" id=\"toggle_74581afa300bbfc98\"><a aria-expanded=\"false\" aria-controls=\"74581afa300bbfc98\" role=\"button\" data-toggle=\"collapse\" data-parent=\"#accordion-3944-1\" data-target=\"#74581afa300bbfc98\" href=\"#74581afa300bbfc98\"><span class=\"fusion-toggle-icon-wrapper\" aria-hidden=\"true\"><i class=\"fa-fusion-box active-icon awb-icon-minus\" aria-hidden=\"true\"><\/i><i class=\"fa-fusion-box inactive-icon awb-icon-plus\" aria-hidden=\"true\"><\/i><\/span><span class=\"fusion-toggle-heading\">Puis-je utiliser mon compte d'exp\u00e9dition pour la livraison ?<\/span><\/a><\/h4><\/div><div id=\"74581afa300bbfc98\" class=\"panel-collapse collapse \" aria-labelledby=\"toggle_74581afa300bbfc98\"><div class=\"panel-body toggle-content fusion-clearfix\">\n<p>Absolument, vous pouvez utiliser votre compte ou celui de votre client. Indiquez le code postal associ\u00e9 au compte (des frais peuvent s&rsquo;appliquer).<\/p>\n<\/div><\/div><\/div><div class=\"fusion-panel panel-default panel-6d4ab0095d461a2be fusion-toggle-has-divider\"><div class=\"panel-heading\"><h4 class=\"panel-title toggle\" id=\"toggle_6d4ab0095d461a2be\"><a aria-expanded=\"false\" aria-controls=\"6d4ab0095d461a2be\" role=\"button\" data-toggle=\"collapse\" data-parent=\"#accordion-3944-1\" data-target=\"#6d4ab0095d461a2be\" href=\"#6d4ab0095d461a2be\"><span class=\"fusion-toggle-icon-wrapper\" aria-hidden=\"true\"><i class=\"fa-fusion-box active-icon awb-icon-minus\" aria-hidden=\"true\"><\/i><i class=\"fa-fusion-box inactive-icon awb-icon-plus\" aria-hidden=\"true\"><\/i><\/span><span class=\"fusion-toggle-heading\">Quel mode de paiement acceptez-vous ?<\/span><\/a><\/h4><\/div><div id=\"6d4ab0095d461a2be\" class=\"panel-collapse collapse \" aria-labelledby=\"toggle_6d4ab0095d461a2be\"><div class=\"panel-body toggle-content fusion-clearfix\">\n<p>\n  Nous acceptons le d\u00e9p\u00f4t direct, les cartes de cr\u00e9dit (VISA ou Master Card uniquement) et les ch\u00e8ques.\n\t<\/p>\n<\/div><\/div><\/div><div class=\"fusion-panel panel-default panel-ab788d3f5119f3182 fusion-toggle-has-divider\"><div class=\"panel-heading\"><h4 class=\"panel-title toggle\" id=\"toggle_ab788d3f5119f3182\"><a aria-expanded=\"false\" aria-controls=\"ab788d3f5119f3182\" role=\"button\" data-toggle=\"collapse\" data-parent=\"#accordion-3944-1\" data-target=\"#ab788d3f5119f3182\" href=\"#ab788d3f5119f3182\"><span class=\"fusion-toggle-icon-wrapper\" aria-hidden=\"true\"><i class=\"fa-fusion-box active-icon awb-icon-minus\" aria-hidden=\"true\"><\/i><i class=\"fa-fusion-box inactive-icon awb-icon-plus\" aria-hidden=\"true\"><\/i><\/span><span class=\"fusion-toggle-heading\">Demandez-vous un pr\u00e9paiement ? Si oui, quand serai-je d\u00e9bit\u00e9 sur ma carte de cr\u00e9dit ?<\/span><\/a><\/h4><\/div><div id=\"ab788d3f5119f3182\" class=\"panel-collapse collapse \" aria-labelledby=\"toggle_ab788d3f5119f3182\"><div class=\"panel-body toggle-content fusion-clearfix\">\n<p>Dans certains cas, nous pouvons demander un acompte. Pour les nouveaux clients, un paiement est requis le jour de l&rsquo;exp\u00e9dition de la commande, par d\u00e9p\u00f4t direct ou par carte de cr\u00e9dit.<\/p>\n<p>Nous effectuons le d\u00e9bit sur votre carte de cr\u00e9dit le jour de l&rsquo;exp\u00e9dition, juste apr\u00e8s vous avoir envoy\u00e9 par courriel une copie de la facture finale.<\/p>\n<\/div><\/div><\/div><div class=\"fusion-panel panel-default panel-ab3b93c47b6f9eb7e fusion-toggle-has-divider\"><div class=\"panel-heading\"><h4 class=\"panel-title toggle\" id=\"toggle_ab3b93c47b6f9eb7e\"><a aria-expanded=\"false\" aria-controls=\"ab3b93c47b6f9eb7e\" role=\"button\" data-toggle=\"collapse\" data-parent=\"#accordion-3944-1\" data-target=\"#ab3b93c47b6f9eb7e\" href=\"#ab3b93c47b6f9eb7e\"><span class=\"fusion-toggle-icon-wrapper\" aria-hidden=\"true\"><i class=\"fa-fusion-box active-icon awb-icon-minus\" aria-hidden=\"true\"><\/i><i class=\"fa-fusion-box inactive-icon awb-icon-plus\" aria-hidden=\"true\"><\/i><\/span><span class=\"fusion-toggle-heading\">Puis-je voir une \u00e9preuve avant la production ?<\/span><\/a><\/h4><\/div><div id=\"ab3b93c47b6f9eb7e\" class=\"panel-collapse collapse \" aria-labelledby=\"toggle_ab3b93c47b6f9eb7e\"><div class=\"panel-body toggle-content fusion-clearfix\">\n<p>Oui, nous envoyons toujours une \u00e9preuve par courriel avant la production de la commande, m\u00eame s&rsquo;il s&rsquo;agit d&rsquo;une r\u00e9p\u00e9tition de commande.<\/p>\n<\/div><\/div><\/div><div class=\"fusion-panel panel-default panel-9ac22ea65aa478775 fusion-toggle-has-divider\"><div class=\"panel-heading\"><h4 class=\"panel-title toggle\" id=\"toggle_9ac22ea65aa478775\"><a aria-expanded=\"false\" aria-controls=\"9ac22ea65aa478775\" role=\"button\" data-toggle=\"collapse\" data-parent=\"#accordion-3944-1\" data-target=\"#9ac22ea65aa478775\" href=\"#9ac22ea65aa478775\"><span class=\"fusion-toggle-icon-wrapper\" aria-hidden=\"true\"><i class=\"fa-fusion-box active-icon awb-icon-minus\" aria-hidden=\"true\"><\/i><i class=\"fa-fusion-box inactive-icon awb-icon-plus\" aria-hidden=\"true\"><\/i><\/span><span class=\"fusion-toggle-heading\">Puis-je commander des quantit\u00e9s inf\u00e9rieures ou sup\u00e9rieures \u00e0 celles indiqu\u00e9es ?<\/span><\/a><\/h4><\/div><div id=\"9ac22ea65aa478775\" class=\"panel-collapse collapse \" aria-labelledby=\"toggle_9ac22ea65aa478775\"><div class=\"panel-body toggle-content fusion-clearfix\">\n<p>Nous avons des frais associ\u00e9s pour les quantit\u00e9s inf\u00e9rieures au minimum du prix de la table. Et, il n&rsquo;est pas possible de commander une quantit\u00e9 inf\u00e9rieure \u00e0 la moiti\u00e9 de cette premi\u00e8re colonne.<\/p>\n<p>Vous pouvez toujours demander une soumission pour des quantit\u00e9s plus grandes que celles indiqu\u00e9es dans la derni\u00e8re colonne. Il vous suffit de nous envoyer toutes les informations concernant le produit et l&rsquo;impression souhait\u00e9e \u00e0<b><a href=\"mailto:%20contact@promoplastik.com\">contact@promoplastik.com<\/a><\/b><\/p>\n<\/p>\n<\/div><\/div><\/div><\/div><\/div><\/div><\/div><\/div><\/div>\n","protected":false},"excerpt":{"rendered":"","protected":false},"author":4,"featured_media":0,"parent":0,"menu_order":0,"comment_status":"closed","ping_status":"closed","template":"100-width.php","meta":{"footnotes":""},"class_list":["post-3944","page","type-page","status-publish","hentry"],"yoast_head":"<!-- This site is optimized with the Yoast SEO plugin v27.3 - https:\/\/yoast.com\/product\/yoast-seo-wordpress\/ -->\n<title>FAQ - PromoPlastik<\/title>\n<meta name=\"robots\" content=\"noindex, follow, max-snippet:-1, max-image-preview:large, max-video-preview:-1\" \/>\n<meta property=\"og:locale\" content=\"fr_FR\" \/>\n<meta property=\"og:type\" content=\"article\" \/>\n<meta property=\"og:title\" content=\"FAQ - PromoPlastik\" \/>\n<meta property=\"og:url\" content=\"https:\/\/archives.promoplastik.com\/fr\/faq\/\" \/>\n<meta property=\"og:site_name\" content=\"PromoPlastik\" \/>\n<meta property=\"article:modified_time\" content=\"2022-12-15T19:32:03+00:00\" \/>\n<meta name=\"twitter:card\" content=\"summary_large_image\" \/>\n<meta name=\"twitter:label1\" content=\"Dur\u00e9e de lecture estim\u00e9e\" \/>\n\t<meta name=\"twitter:data1\" content=\"5 minutes\" \/>\n<script type=\"application\/ld+json\" class=\"yoast-schema-graph\">{\"@context\":\"https:\\\/\\\/schema.org\",\"@graph\":[{\"@type\":\"WebPage\",\"@id\":\"https:\\\/\\\/archives.promoplastik.com\\\/fr\\\/faq\\\/\",\"url\":\"https:\\\/\\\/archives.promoplastik.com\\\/fr\\\/faq\\\/\",\"name\":\"FAQ - PromoPlastik\",\"isPartOf\":{\"@id\":\"https:\\\/\\\/archives.promoplastik.com\\\/fr\\\/#website\"},\"datePublished\":\"2022-09-27T19:45:35+00:00\",\"dateModified\":\"2022-12-15T19:32:03+00:00\",\"breadcrumb\":{\"@id\":\"https:\\\/\\\/archives.promoplastik.com\\\/fr\\\/faq\\\/#breadcrumb\"},\"inLanguage\":\"fr-FR\",\"potentialAction\":[{\"@type\":\"ReadAction\",\"target\":[\"https:\\\/\\\/archives.promoplastik.com\\\/fr\\\/faq\\\/\"]}]},{\"@type\":\"BreadcrumbList\",\"@id\":\"https:\\\/\\\/archives.promoplastik.com\\\/fr\\\/faq\\\/#breadcrumb\",\"itemListElement\":[{\"@type\":\"ListItem\",\"position\":1,\"name\":\"Accueil\",\"item\":\"https:\\\/\\\/archives.promoplastik.com\\\/fr\\\/\"},{\"@type\":\"ListItem\",\"position\":2,\"name\":\"FAQ\"}]},{\"@type\":\"WebSite\",\"@id\":\"https:\\\/\\\/archives.promoplastik.com\\\/fr\\\/#website\",\"url\":\"https:\\\/\\\/archives.promoplastik.com\\\/fr\\\/\",\"name\":\"PromoPlastik\",\"description\":\"Coop\u00e9rative de travailleurs\",\"potentialAction\":[{\"@type\":\"SearchAction\",\"target\":{\"@type\":\"EntryPoint\",\"urlTemplate\":\"https:\\\/\\\/archives.promoplastik.com\\\/fr\\\/?s={search_term_string}\"},\"query-input\":{\"@type\":\"PropertyValueSpecification\",\"valueRequired\":true,\"valueName\":\"search_term_string\"}}],\"inLanguage\":\"fr-FR\"}]}<\/script>\n<!-- \/ Yoast SEO plugin. -->","yoast_head_json":{"title":"FAQ - PromoPlastik","robots":{"index":"noindex","follow":"follow","max-snippet":"max-snippet:-1","max-image-preview":"max-image-preview:large","max-video-preview":"max-video-preview:-1"},"og_locale":"fr_FR","og_type":"article","og_title":"FAQ - PromoPlastik","og_url":"https:\/\/archives.promoplastik.com\/fr\/faq\/","og_site_name":"PromoPlastik","article_modified_time":"2022-12-15T19:32:03+00:00","twitter_card":"summary_large_image","twitter_misc":{"Dur\u00e9e de lecture estim\u00e9e":"5 minutes"},"schema":{"@context":"https:\/\/schema.org","@graph":[{"@type":"WebPage","@id":"https:\/\/archives.promoplastik.com\/fr\/faq\/","url":"https:\/\/archives.promoplastik.com\/fr\/faq\/","name":"FAQ - PromoPlastik","isPartOf":{"@id":"https:\/\/archives.promoplastik.com\/fr\/#website"},"datePublished":"2022-09-27T19:45:35+00:00","dateModified":"2022-12-15T19:32:03+00:00","breadcrumb":{"@id":"https:\/\/archives.promoplastik.com\/fr\/faq\/#breadcrumb"},"inLanguage":"fr-FR","potentialAction":[{"@type":"ReadAction","target":["https:\/\/archives.promoplastik.com\/fr\/faq\/"]}]},{"@type":"BreadcrumbList","@id":"https:\/\/archives.promoplastik.com\/fr\/faq\/#breadcrumb","itemListElement":[{"@type":"ListItem","position":1,"name":"Accueil","item":"https:\/\/archives.promoplastik.com\/fr\/"},{"@type":"ListItem","position":2,"name":"FAQ"}]},{"@type":"WebSite","@id":"https:\/\/archives.promoplastik.com\/fr\/#website","url":"https:\/\/archives.promoplastik.com\/fr\/","name":"PromoPlastik","description":"Coop\u00e9rative de travailleurs","potentialAction":[{"@type":"SearchAction","target":{"@type":"EntryPoint","urlTemplate":"https:\/\/archives.promoplastik.com\/fr\/?s={search_term_string}"},"query-input":{"@type":"PropertyValueSpecification","valueRequired":true,"valueName":"search_term_string"}}],"inLanguage":"fr-FR"}]}},"_links":{"self":[{"href":"https:\/\/archives.promoplastik.com\/fr\/wp-json\/wp\/v2\/pages\/3944","targetHints":{"allow":["GET"]}}],"collection":[{"href":"https:\/\/archives.promoplastik.com\/fr\/wp-json\/wp\/v2\/pages"}],"about":[{"href":"https:\/\/archives.promoplastik.com\/fr\/wp-json\/wp\/v2\/types\/page"}],"author":[{"embeddable":true,"href":"https:\/\/archives.promoplastik.com\/fr\/wp-json\/wp\/v2\/users\/4"}],"replies":[{"embeddable":true,"href":"https:\/\/archives.promoplastik.com\/fr\/wp-json\/wp\/v2\/comments?post=3944"}],"version-history":[{"count":21,"href":"https:\/\/archives.promoplastik.com\/fr\/wp-json\/wp\/v2\/pages\/3944\/revisions"}],"predecessor-version":[{"id":6070,"href":"https:\/\/archives.promoplastik.com\/fr\/wp-json\/wp\/v2\/pages\/3944\/revisions\/6070"}],"wp:attachment":[{"href":"https:\/\/archives.promoplastik.com\/fr\/wp-json\/wp\/v2\/media?parent=3944"}],"curies":[{"name":"wp","href":"https:\/\/api.w.org\/{rel}","templated":true}]}}