{"id":3914,"date":"2022-09-16T15:38:12","date_gmt":"2022-09-16T15:38:12","guid":{"rendered":"https:\/\/promoplastik.com\/serigraphie\/"},"modified":"2022-10-14T14:48:18","modified_gmt":"2022-10-14T14:48:18","slug":"serigraphie","status":"publish","type":"page","link":"https:\/\/archives.promoplastik.com\/fr\/serigraphie\/","title":{"rendered":"S\u00e9rigraphie"},"content":{"rendered":"<p><div class=\"fusion-fullwidth fullwidth-box fusion-builder-row-1 fusion-flex-container has-pattern-background has-mask-background hundred-percent-fullwidth non-hundred-percent-height-scrolling\" style=\"--awb-border-radius-top-left:0px;--awb-border-radius-top-right:0px;--awb-border-radius-bottom-right:0px;--awb-border-radius-bottom-left:0px;--awb-padding-top:30px;--awb-padding-right:20px;--awb-padding-bottom:30px;--awb-background-image:linear-gradient(180deg, var(--awb-color2) 0%,var(--awb-color3) 100%);--awb-flex-wrap:wrap;\" ><div class=\"fusion-builder-row fusion-row fusion-flex-align-items-stretch fusion-flex-content-wrap\" style=\"width:104% !important;max-width:104% !important;margin-left: calc(-4% \/ 2 );margin-right: calc(-4% \/ 2 );\"><div class=\"fusion-layout-column fusion_builder_column fusion-builder-column-0 fusion_builder_column_1_1 1_1 fusion-flex-column\" style=\"--awb-bg-size:cover;--awb-width-large:100%;--awb-margin-top-large:10px;--awb-spacing-right-large:1.92%;--awb-margin-bottom-large:0px;--awb-spacing-left-large:1.92%;--awb-width-medium:100%;--awb-order-medium:0;--awb-spacing-right-medium:1.92%;--awb-spacing-left-medium:1.92%;--awb-width-small:100%;--awb-order-small:0;--awb-spacing-right-small:1.92%;--awb-spacing-left-small:1.92%;\"><div class=\"fusion-column-wrapper fusion-column-has-shadow fusion-flex-justify-content-flex-start fusion-content-layout-column\"><div class=\"fusion-title title fusion-title-1 fusion-sep-none fusion-title-text fusion-title-size-one\"><h1 class=\"fusion-title-heading title-heading-left fusion-responsive-typography-calculated\" style=\"margin:0;--fontSize:46;line-height:var(--awb-typography1-line-height);\">S\u00e9rigraphie<\/h1><\/div><div class=\"fusion-title title fusion-title-2 fusion-sep-none fusion-title-text fusion-title-size-five\"><h5 class=\"fusion-title-heading title-heading-left fusion-responsive-typography-calculated\" style=\"margin:0;--fontSize:18;line-height:1.5;\">Une impression traditionnelle o\u00f9 nous avons plus de 25 ans d&rsquo;exp\u00e9rience<\/h5><\/div><\/div><\/div><div class=\"fusion-layout-column fusion_builder_column fusion-builder-column-1 fusion_builder_column_1_2 1_2 fusion-flex-column\" style=\"--awb-bg-size:cover;--awb-width-large:50%;--awb-margin-top-large:10px;--awb-spacing-right-large:3.84%;--awb-margin-bottom-large:0px;--awb-spacing-left-large:3.84%;--awb-width-medium:100%;--awb-order-medium:0;--awb-spacing-right-medium:1.92%;--awb-spacing-left-medium:1.92%;--awb-width-small:100%;--awb-order-small:0;--awb-spacing-right-small:1.92%;--awb-spacing-left-small:1.92%;\"><div class=\"fusion-column-wrapper fusion-column-has-shadow fusion-flex-justify-content-flex-start fusion-content-layout-column\"><div class=\"awb-gallery-wrapper awb-gallery-wrapper-1 button-span-no\" style=\"--more-btn-alignment:center;\"><div style=\"margin:-10px;--awb-bordersize:0px;\" class=\"fusion-gallery fusion-gallery-container fusion-grid-3 fusion-columns-total-5 fusion-gallery-layout-masonry fusion-gallery-1\"><div class=\"fusion-grid-column fusion-gallery-column fusion-gallery-column-3 fusion-grid-sizer\"><\/div><div style=\"padding:10px;\" class=\"fusion-grid-column fusion-gallery-column fusion-gallery-column-3 fusion-element-grid\"><div class=\"fusion-gallery-image fusion-gallery-image-liftup\"><a href=\"https:\/\/archives.promoplastik.com\/wp-content\/uploads\/2022\/09\/DSC02914-scaled.jpg\" rel=\"noreferrer\" data-rel=\"iLightbox[gallery_image_1]\" class=\"fusion-lightbox\" target=\"_self\"><div style=\"padding-top:calc((100% + 20px) * 0.8 - 10px);background-position:;\" class=\"fusion-masonry-element-container lazyload\" data-bg=\"https:\/\/archives.promoplastik.com\/wp-content\/uploads\/2022\/09\/DSC02914-scaled.jpg\"><img decoding=\"async\" src=\"https:\/\/archives.promoplastik.com\/wp-content\/uploads\/2022\/09\/DSC02914-scaled.jpg\" data-orig-src=\"https:\/\/archives.promoplastik.com\/wp-content\/uploads\/2022\/09\/DSC02914-scaled.jpg\" width=\"1707\" height=\"2560\" alt=\"\" title=\"DSC02914\" aria-label=\"DSC02914\" class=\"lazyload img-responsive wp-image-2296\" srcset=\"data:image\/svg+xml,%3Csvg%20xmlns%3D%27http%3A%2F%2Fwww.w3.org%2F2000%2Fsvg%27%20width%3D%271707%27%20height%3D%272560%27%20viewBox%3D%270%200%201707%202560%27%3E%3Crect%20width%3D%271707%27%20height%3D%272560%27%20fill-opacity%3D%220%22%2F%3E%3C%2Fsvg%3E\" data-srcset=\"https:\/\/archives.promoplastik.com\/wp-content\/uploads\/2022\/09\/DSC02914-200x300.jpg 200w, https:\/\/archives.promoplastik.com\/wp-content\/uploads\/2022\/09\/DSC02914-400x600.jpg 400w, https:\/\/archives.promoplastik.com\/wp-content\/uploads\/2022\/09\/DSC02914-600x900.jpg 600w, https:\/\/archives.promoplastik.com\/wp-content\/uploads\/2022\/09\/DSC02914-800x1200.jpg 800w, https:\/\/archives.promoplastik.com\/wp-content\/uploads\/2022\/09\/DSC02914-1200x1800.jpg 1200w, https:\/\/archives.promoplastik.com\/wp-content\/uploads\/2022\/09\/DSC02914-scaled.jpg 1707w\" data-sizes=\"auto\" data-orig-sizes=\"(min-width: 2200px) 100vw, (min-width: 784px) 393px, (min-width: 712px) 590px, (min-width: 640px) 712px, \" \/><\/div><\/a><\/div><\/div><div style=\"padding:10px;\" class=\"fusion-grid-column fusion-gallery-column fusion-gallery-column-3 fusion-element-grid\"><div class=\"fusion-gallery-image fusion-gallery-image-liftup\"><a href=\"https:\/\/archives.promoplastik.com\/wp-content\/uploads\/2022\/09\/DSC02968-scaled.jpg\" rel=\"noreferrer\" data-rel=\"iLightbox[gallery_image_1]\" class=\"fusion-lightbox\" target=\"_self\"><div style=\"padding-top:calc((100% + 20px) * 0.8 - 10px);background-position:;\" class=\"fusion-masonry-element-container lazyload\" data-bg=\"https:\/\/archives.promoplastik.com\/wp-content\/uploads\/2022\/09\/DSC02968-scaled.jpg\"><img decoding=\"async\" src=\"https:\/\/archives.promoplastik.com\/wp-content\/uploads\/2022\/09\/DSC02968-scaled.jpg\" data-orig-src=\"https:\/\/archives.promoplastik.com\/wp-content\/uploads\/2022\/09\/DSC02968-scaled.jpg\" width=\"1855\" height=\"2560\" alt=\"\" title=\"DSC02968\" aria-label=\"DSC02968\" class=\"lazyload img-responsive wp-image-2299\" srcset=\"data:image\/svg+xml,%3Csvg%20xmlns%3D%27http%3A%2F%2Fwww.w3.org%2F2000%2Fsvg%27%20width%3D%271855%27%20height%3D%272560%27%20viewBox%3D%270%200%201855%202560%27%3E%3Crect%20width%3D%271855%27%20height%3D%272560%27%20fill-opacity%3D%220%22%2F%3E%3C%2Fsvg%3E\" data-srcset=\"https:\/\/archives.promoplastik.com\/wp-content\/uploads\/2022\/09\/DSC02968-200x276.jpg 200w, https:\/\/archives.promoplastik.com\/wp-content\/uploads\/2022\/09\/DSC02968-400x552.jpg 400w, https:\/\/archives.promoplastik.com\/wp-content\/uploads\/2022\/09\/DSC02968-600x828.jpg 600w, https:\/\/archives.promoplastik.com\/wp-content\/uploads\/2022\/09\/DSC02968-800x1104.jpg 800w, https:\/\/archives.promoplastik.com\/wp-content\/uploads\/2022\/09\/DSC02968-1200x1656.jpg 1200w, https:\/\/archives.promoplastik.com\/wp-content\/uploads\/2022\/09\/DSC02968-scaled.jpg 1855w\" data-sizes=\"auto\" data-orig-sizes=\"(min-width: 2200px) 100vw, (min-width: 784px) 393px, (min-width: 712px) 590px, (min-width: 640px) 712px, \" \/><\/div><\/a><\/div><\/div><div style=\"padding:10px;\" class=\"fusion-grid-column fusion-gallery-column fusion-gallery-column-3 fusion-element-grid\"><div class=\"fusion-gallery-image fusion-gallery-image-liftup\"><a href=\"https:\/\/archives.promoplastik.com\/wp-content\/uploads\/2022\/09\/DSC02921-scaled.jpg\" rel=\"noreferrer\" data-rel=\"iLightbox[gallery_image_1]\" class=\"fusion-lightbox\" target=\"_self\"><div style=\"padding-top:calc((100% + 20px) * 0.8 - 10px);background-position:;\" class=\"fusion-masonry-element-container lazyload\" data-bg=\"https:\/\/archives.promoplastik.com\/wp-content\/uploads\/2022\/09\/DSC02921-scaled.jpg\"><img decoding=\"async\" src=\"https:\/\/archives.promoplastik.com\/wp-content\/uploads\/2022\/09\/DSC02921-scaled.jpg\" data-orig-src=\"https:\/\/archives.promoplastik.com\/wp-content\/uploads\/2022\/09\/DSC02921-scaled.jpg\" width=\"1934\" height=\"2560\" alt=\"\" title=\"DSC02921\" aria-label=\"DSC02921\" class=\"lazyload img-responsive wp-image-2297\" srcset=\"data:image\/svg+xml,%3Csvg%20xmlns%3D%27http%3A%2F%2Fwww.w3.org%2F2000%2Fsvg%27%20width%3D%271934%27%20height%3D%272560%27%20viewBox%3D%270%200%201934%202560%27%3E%3Crect%20width%3D%271934%27%20height%3D%272560%27%20fill-opacity%3D%220%22%2F%3E%3C%2Fsvg%3E\" data-srcset=\"https:\/\/archives.promoplastik.com\/wp-content\/uploads\/2022\/09\/DSC02921-200x265.jpg 200w, https:\/\/archives.promoplastik.com\/wp-content\/uploads\/2022\/09\/DSC02921-400x530.jpg 400w, https:\/\/archives.promoplastik.com\/wp-content\/uploads\/2022\/09\/DSC02921-600x794.jpg 600w, https:\/\/archives.promoplastik.com\/wp-content\/uploads\/2022\/09\/DSC02921-800x1059.jpg 800w, https:\/\/archives.promoplastik.com\/wp-content\/uploads\/2022\/09\/DSC02921-1200x1589.jpg 1200w, https:\/\/archives.promoplastik.com\/wp-content\/uploads\/2022\/09\/DSC02921-scaled.jpg 1934w\" data-sizes=\"auto\" data-orig-sizes=\"(min-width: 2200px) 100vw, (min-width: 784px) 393px, (min-width: 712px) 590px, (min-width: 640px) 712px, \" \/><\/div><\/a><\/div><\/div><div style=\"padding:10px;\" class=\"fusion-grid-column fusion-gallery-column fusion-gallery-column-3 fusion-element-grid\"><div class=\"fusion-gallery-image fusion-gallery-image-liftup\"><a href=\"https:\/\/archives.promoplastik.com\/wp-content\/uploads\/2022\/09\/DSC02928-scaled.jpg\" rel=\"noreferrer\" data-rel=\"iLightbox[gallery_image_1]\" class=\"fusion-lightbox\" target=\"_self\"><div style=\"padding-top:calc((100% + 20px) * 0.8 - 10px);background-position:;\" class=\"fusion-masonry-element-container lazyload\" data-bg=\"https:\/\/archives.promoplastik.com\/wp-content\/uploads\/2022\/09\/DSC02928-scaled.jpg\"><img decoding=\"async\" src=\"https:\/\/archives.promoplastik.com\/wp-content\/uploads\/2022\/09\/DSC02928-scaled.jpg\" data-orig-src=\"https:\/\/archives.promoplastik.com\/wp-content\/uploads\/2022\/09\/DSC02928-scaled.jpg\" width=\"1707\" height=\"2560\" alt=\"\" title=\"DSC02928\" aria-label=\"DSC02928\" class=\"lazyload img-responsive wp-image-2298\" srcset=\"data:image\/svg+xml,%3Csvg%20xmlns%3D%27http%3A%2F%2Fwww.w3.org%2F2000%2Fsvg%27%20width%3D%271707%27%20height%3D%272560%27%20viewBox%3D%270%200%201707%202560%27%3E%3Crect%20width%3D%271707%27%20height%3D%272560%27%20fill-opacity%3D%220%22%2F%3E%3C%2Fsvg%3E\" data-srcset=\"https:\/\/archives.promoplastik.com\/wp-content\/uploads\/2022\/09\/DSC02928-200x300.jpg 200w, https:\/\/archives.promoplastik.com\/wp-content\/uploads\/2022\/09\/DSC02928-400x600.jpg 400w, https:\/\/archives.promoplastik.com\/wp-content\/uploads\/2022\/09\/DSC02928-600x900.jpg 600w, https:\/\/archives.promoplastik.com\/wp-content\/uploads\/2022\/09\/DSC02928-800x1200.jpg 800w, https:\/\/archives.promoplastik.com\/wp-content\/uploads\/2022\/09\/DSC02928-1200x1800.jpg 1200w, https:\/\/archives.promoplastik.com\/wp-content\/uploads\/2022\/09\/DSC02928-scaled.jpg 1707w\" data-sizes=\"auto\" data-orig-sizes=\"(min-width: 2200px) 100vw, (min-width: 784px) 393px, (min-width: 712px) 590px, (min-width: 640px) 712px, \" \/><\/div><\/a><\/div><\/div><div style=\"padding:10px;\" class=\"fusion-grid-column fusion-gallery-column fusion-gallery-column-3 fusion-element-landscape fusion-element-portrait\"><div class=\"fusion-gallery-image fusion-gallery-image-liftup\"><a href=\"https:\/\/archives.promoplastik.com\/wp-content\/uploads\/2022\/09\/DSC03020-scaled.jpg\" rel=\"noreferrer\" data-rel=\"iLightbox[gallery_image_1]\" class=\"fusion-lightbox\" target=\"_self\"><div style=\"padding-top:calc((100% + 20px) * 0.8);background-position:;\" class=\"fusion-masonry-element-container lazyload\" data-bg=\"https:\/\/archives.promoplastik.com\/wp-content\/uploads\/2022\/09\/DSC03020-scaled.jpg\"><img decoding=\"async\" src=\"https:\/\/archives.promoplastik.com\/wp-content\/uploads\/2022\/09\/DSC03020-scaled.jpg\" data-orig-src=\"https:\/\/archives.promoplastik.com\/wp-content\/uploads\/2022\/09\/DSC03020-scaled.jpg\" width=\"2273\" height=\"2560\" alt=\"\" title=\"DSC03020\" aria-label=\"DSC03020\" class=\"lazyload img-responsive wp-image-2300\" srcset=\"data:image\/svg+xml,%3Csvg%20xmlns%3D%27http%3A%2F%2Fwww.w3.org%2F2000%2Fsvg%27%20width%3D%272273%27%20height%3D%272560%27%20viewBox%3D%270%200%202273%202560%27%3E%3Crect%20width%3D%272273%27%20height%3D%272560%27%20fill-opacity%3D%220%22%2F%3E%3C%2Fsvg%3E\" data-srcset=\"https:\/\/archives.promoplastik.com\/wp-content\/uploads\/2022\/09\/DSC03020-200x225.jpg 200w, https:\/\/archives.promoplastik.com\/wp-content\/uploads\/2022\/09\/DSC03020-400x451.jpg 400w, https:\/\/archives.promoplastik.com\/wp-content\/uploads\/2022\/09\/DSC03020-600x676.jpg 600w, https:\/\/archives.promoplastik.com\/wp-content\/uploads\/2022\/09\/DSC03020-800x901.jpg 800w, https:\/\/archives.promoplastik.com\/wp-content\/uploads\/2022\/09\/DSC03020-1200x1352.jpg 1200w, https:\/\/archives.promoplastik.com\/wp-content\/uploads\/2022\/09\/DSC03020-scaled.jpg 2273w\" data-sizes=\"auto\" data-orig-sizes=\"(min-width: 2200px) 100vw, (min-width: 640px) 1200px, \" \/><\/div><\/a><\/div><\/div><\/div><\/div><\/div><\/div><div class=\"fusion-layout-column fusion_builder_column fusion-builder-column-2 fusion_builder_column_1_2 1_2 fusion-flex-column\" style=\"--awb-bg-size:cover;--awb-width-large:50%;--awb-margin-top-large:10px;--awb-spacing-right-large:3.84%;--awb-margin-bottom-large:0px;--awb-spacing-left-large:3.84%;--awb-width-medium:100%;--awb-order-medium:0;--awb-spacing-right-medium:1.92%;--awb-spacing-left-medium:1.92%;--awb-width-small:100%;--awb-order-small:0;--awb-spacing-right-small:1.92%;--awb-spacing-left-small:1.92%;\"><div class=\"fusion-column-wrapper fusion-column-has-shadow fusion-flex-justify-content-flex-start fusion-content-layout-column\"><div class=\"fusion-text fusion-text-1\"><p style=\"color: rgb(62, 69, 97);\">Utilisez la s\u00e9rigraphie pour imprimer sur des surfaces planes de diff\u00e9rents substrats. L&rsquo;espace publicitaire peut atteindre 24&Prime; x 14&Prime;.<\/p>\n<p>Nous imprimons une seule couleur \u00e0 la fois : c&rsquo;est donc l&rsquo;id\u00e9al pour correspondre \u00e0 vos couleurs de marque, avec une finition brillante.<\/p>\n<h5>Notre m\u00e9thode d&rsquo;impression la plus rapide !<\/h5>\n<\/div><div ><a class=\"fusion-button button-flat fusion-button-default-size button-default fusion-button-default button-1 fusion-button-default-span fusion-button-default-type\" target=\"_self\"><span class=\"fusion-button-text\">Demandez un devis<\/span><\/a><\/div><\/div><\/div><\/div><\/div><\/p>\n","protected":false},"excerpt":{"rendered":"","protected":false},"author":4,"featured_media":0,"parent":0,"menu_order":0,"comment_status":"closed","ping_status":"closed","template":"100-width.php","meta":{"footnotes":""},"class_list":["post-3914","page","type-page","status-publish","hentry"],"yoast_head":"<!-- This site is optimized with the Yoast SEO plugin v27.3 - https:\/\/yoast.com\/product\/yoast-seo-wordpress\/ -->\n<title>S\u00e9rigraphie - PromoPlastik<\/title>\n<meta name=\"robots\" content=\"noindex, follow, max-snippet:-1, max-image-preview:large, max-video-preview:-1\" \/>\n<meta property=\"og:locale\" content=\"fr_FR\" \/>\n<meta property=\"og:type\" content=\"article\" \/>\n<meta property=\"og:title\" content=\"S\u00e9rigraphie - PromoPlastik\" \/>\n<meta property=\"og:url\" content=\"https:\/\/archives.promoplastik.com\/fr\/serigraphie\/\" \/>\n<meta property=\"og:site_name\" content=\"PromoPlastik\" \/>\n<meta property=\"article:modified_time\" content=\"2022-10-14T14:48:18+00:00\" \/>\n<meta name=\"twitter:card\" content=\"summary_large_image\" \/>\n<meta name=\"twitter:label1\" content=\"Dur\u00e9e de lecture estim\u00e9e\" \/>\n\t<meta name=\"twitter:data1\" content=\"10 minutes\" \/>\n<script type=\"application\/ld+json\" class=\"yoast-schema-graph\">{\"@context\":\"https:\\\/\\\/schema.org\",\"@graph\":[{\"@type\":\"WebPage\",\"@id\":\"https:\\\/\\\/archives.promoplastik.com\\\/fr\\\/serigraphie\\\/\",\"url\":\"https:\\\/\\\/archives.promoplastik.com\\\/fr\\\/serigraphie\\\/\",\"name\":\"S\u00e9rigraphie - PromoPlastik\",\"isPartOf\":{\"@id\":\"https:\\\/\\\/archives.promoplastik.com\\\/fr\\\/#website\"},\"datePublished\":\"2022-09-16T15:38:12+00:00\",\"dateModified\":\"2022-10-14T14:48:18+00:00\",\"breadcrumb\":{\"@id\":\"https:\\\/\\\/archives.promoplastik.com\\\/fr\\\/serigraphie\\\/#breadcrumb\"},\"inLanguage\":\"fr-FR\",\"potentialAction\":[{\"@type\":\"ReadAction\",\"target\":[\"https:\\\/\\\/archives.promoplastik.com\\\/fr\\\/serigraphie\\\/\"]}]},{\"@type\":\"BreadcrumbList\",\"@id\":\"https:\\\/\\\/archives.promoplastik.com\\\/fr\\\/serigraphie\\\/#breadcrumb\",\"itemListElement\":[{\"@type\":\"ListItem\",\"position\":1,\"name\":\"Accueil\",\"item\":\"https:\\\/\\\/archives.promoplastik.com\\\/fr\\\/\"},{\"@type\":\"ListItem\",\"position\":2,\"name\":\"S\u00e9rigraphie\"}]},{\"@type\":\"WebSite\",\"@id\":\"https:\\\/\\\/archives.promoplastik.com\\\/fr\\\/#website\",\"url\":\"https:\\\/\\\/archives.promoplastik.com\\\/fr\\\/\",\"name\":\"PromoPlastik\",\"description\":\"Coop\u00e9rative de travailleurs\",\"potentialAction\":[{\"@type\":\"SearchAction\",\"target\":{\"@type\":\"EntryPoint\",\"urlTemplate\":\"https:\\\/\\\/archives.promoplastik.com\\\/fr\\\/?s={search_term_string}\"},\"query-input\":{\"@type\":\"PropertyValueSpecification\",\"valueRequired\":true,\"valueName\":\"search_term_string\"}}],\"inLanguage\":\"fr-FR\"}]}<\/script>\n<!-- \/ Yoast SEO plugin. -->","yoast_head_json":{"title":"S\u00e9rigraphie - PromoPlastik","robots":{"index":"noindex","follow":"follow","max-snippet":"max-snippet:-1","max-image-preview":"max-image-preview:large","max-video-preview":"max-video-preview:-1"},"og_locale":"fr_FR","og_type":"article","og_title":"S\u00e9rigraphie - PromoPlastik","og_url":"https:\/\/archives.promoplastik.com\/fr\/serigraphie\/","og_site_name":"PromoPlastik","article_modified_time":"2022-10-14T14:48:18+00:00","twitter_card":"summary_large_image","twitter_misc":{"Dur\u00e9e de lecture estim\u00e9e":"10 minutes"},"schema":{"@context":"https:\/\/schema.org","@graph":[{"@type":"WebPage","@id":"https:\/\/archives.promoplastik.com\/fr\/serigraphie\/","url":"https:\/\/archives.promoplastik.com\/fr\/serigraphie\/","name":"S\u00e9rigraphie - PromoPlastik","isPartOf":{"@id":"https:\/\/archives.promoplastik.com\/fr\/#website"},"datePublished":"2022-09-16T15:38:12+00:00","dateModified":"2022-10-14T14:48:18+00:00","breadcrumb":{"@id":"https:\/\/archives.promoplastik.com\/fr\/serigraphie\/#breadcrumb"},"inLanguage":"fr-FR","potentialAction":[{"@type":"ReadAction","target":["https:\/\/archives.promoplastik.com\/fr\/serigraphie\/"]}]},{"@type":"BreadcrumbList","@id":"https:\/\/archives.promoplastik.com\/fr\/serigraphie\/#breadcrumb","itemListElement":[{"@type":"ListItem","position":1,"name":"Accueil","item":"https:\/\/archives.promoplastik.com\/fr\/"},{"@type":"ListItem","position":2,"name":"S\u00e9rigraphie"}]},{"@type":"WebSite","@id":"https:\/\/archives.promoplastik.com\/fr\/#website","url":"https:\/\/archives.promoplastik.com\/fr\/","name":"PromoPlastik","description":"Coop\u00e9rative de travailleurs","potentialAction":[{"@type":"SearchAction","target":{"@type":"EntryPoint","urlTemplate":"https:\/\/archives.promoplastik.com\/fr\/?s={search_term_string}"},"query-input":{"@type":"PropertyValueSpecification","valueRequired":true,"valueName":"search_term_string"}}],"inLanguage":"fr-FR"}]}},"_links":{"self":[{"href":"https:\/\/archives.promoplastik.com\/fr\/wp-json\/wp\/v2\/pages\/3914","targetHints":{"allow":["GET"]}}],"collection":[{"href":"https:\/\/archives.promoplastik.com\/fr\/wp-json\/wp\/v2\/pages"}],"about":[{"href":"https:\/\/archives.promoplastik.com\/fr\/wp-json\/wp\/v2\/types\/page"}],"author":[{"embeddable":true,"href":"https:\/\/archives.promoplastik.com\/fr\/wp-json\/wp\/v2\/users\/4"}],"replies":[{"embeddable":true,"href":"https:\/\/archives.promoplastik.com\/fr\/wp-json\/wp\/v2\/comments?post=3914"}],"version-history":[{"count":5,"href":"https:\/\/archives.promoplastik.com\/fr\/wp-json\/wp\/v2\/pages\/3914\/revisions"}],"predecessor-version":[{"id":4445,"href":"https:\/\/archives.promoplastik.com\/fr\/wp-json\/wp\/v2\/pages\/3914\/revisions\/4445"}],"wp:attachment":[{"href":"https:\/\/archives.promoplastik.com\/fr\/wp-json\/wp\/v2\/media?parent=3914"}],"curies":[{"name":"wp","href":"https:\/\/api.w.org\/{rel}","templated":true}]}}