{"id":3908,"date":"2022-09-22T18:35:45","date_gmt":"2022-09-22T18:35:45","guid":{"rendered":"https:\/\/promoplastik.com\/gravure-au-laser\/"},"modified":"2022-10-14T14:34:36","modified_gmt":"2022-10-14T14:34:36","slug":"gravure-au-laser","status":"publish","type":"page","link":"https:\/\/archives.promoplastik.com\/fr\/gravure-au-laser\/","title":{"rendered":"Gravure au laser"},"content":{"rendered":"<p><div class=\"fusion-fullwidth fullwidth-box fusion-builder-row-1 fusion-flex-container has-pattern-background has-mask-background hundred-percent-fullwidth non-hundred-percent-height-scrolling\" style=\"--awb-border-radius-top-left:0px;--awb-border-radius-top-right:0px;--awb-border-radius-bottom-right:0px;--awb-border-radius-bottom-left:0px;--awb-padding-top:30px;--awb-padding-right:20px;--awb-padding-bottom:30px;--awb-background-image:linear-gradient(180deg, var(--awb-color2) 0%,var(--awb-color3) 100%);--awb-flex-wrap:wrap;\" ><div class=\"fusion-builder-row fusion-row fusion-flex-align-items-stretch fusion-flex-content-wrap\" style=\"width:104% !important;max-width:104% !important;margin-left: calc(-4% \/ 2 );margin-right: calc(-4% \/ 2 );\"><div class=\"fusion-layout-column fusion_builder_column fusion-builder-column-0 fusion_builder_column_1_1 1_1 fusion-flex-column\" style=\"--awb-bg-size:cover;--awb-width-large:100%;--awb-margin-top-large:10px;--awb-spacing-right-large:1.92%;--awb-margin-bottom-large:0px;--awb-spacing-left-large:1.92%;--awb-width-medium:100%;--awb-order-medium:0;--awb-spacing-right-medium:1.92%;--awb-spacing-left-medium:1.92%;--awb-width-small:100%;--awb-order-small:0;--awb-spacing-right-small:1.92%;--awb-spacing-left-small:1.92%;\"><div class=\"fusion-column-wrapper fusion-column-has-shadow fusion-flex-justify-content-flex-start fusion-content-layout-column\"><div class=\"fusion-title title fusion-title-1 fusion-sep-none fusion-title-text fusion-title-size-one\"><h1 class=\"fusion-title-heading title-heading-left fusion-responsive-typography-calculated\" style=\"margin:0;--fontSize:46;line-height:var(--awb-typography1-line-height);\">Gravure au laser<br \/><\/h1><\/div><div class=\"fusion-title title fusion-title-2 fusion-sep-none fusion-title-text fusion-title-size-five\"><h5 class=\"fusion-title-heading title-heading-left fusion-responsive-typography-calculated\" style=\"margin:0;--fontSize:18;line-height:1.5;\">Depuis  <br \/><\/h5><\/div><\/div><\/div><div class=\"fusion-layout-column fusion_builder_column fusion-builder-column-1 fusion_builder_column_1_2 1_2 fusion-flex-column\" style=\"--awb-bg-size:cover;--awb-width-large:50%;--awb-margin-top-large:10px;--awb-spacing-right-large:3.84%;--awb-margin-bottom-large:0px;--awb-spacing-left-large:3.84%;--awb-width-medium:100%;--awb-order-medium:0;--awb-spacing-right-medium:1.92%;--awb-spacing-left-medium:1.92%;--awb-width-small:100%;--awb-order-small:0;--awb-spacing-right-small:1.92%;--awb-spacing-left-small:1.92%;\"><div class=\"fusion-column-wrapper fusion-column-has-shadow fusion-flex-justify-content-flex-start fusion-content-layout-column\"><div class=\"awb-gallery-wrapper awb-gallery-wrapper-1 button-span-no\" style=\"--more-btn-alignment:center;\"><div style=\"margin:-10px;--awb-bordersize:0px;\" class=\"fusion-gallery fusion-gallery-container fusion-grid-3 fusion-columns-total-4 fusion-gallery-layout-masonry fusion-gallery-1\"><div class=\"fusion-grid-column fusion-gallery-column fusion-gallery-column-3 fusion-grid-sizer\"><\/div><div style=\"padding:10px;\" class=\"fusion-grid-column fusion-gallery-column fusion-gallery-column-3 fusion-element-grid\"><div class=\"fusion-gallery-image fusion-gallery-image-liftup\"><a href=\"https:\/\/archives.promoplastik.com\/wp-content\/uploads\/2022\/09\/2021-09-02_vit_promplast-9_laser_gravure_engraving-1.jpg\" rel=\"noreferrer\" data-rel=\"iLightbox[gallery_image_1]\" class=\"fusion-lightbox\" target=\"_self\"><div style=\"padding-top:calc((100% + 20px) * 0.8 - 10px);background-position:;\" class=\"fusion-masonry-element-container lazyload\" data-bg=\"https:\/\/archives.promoplastik.com\/wp-content\/uploads\/2022\/09\/2021-09-02_vit_promplast-9_laser_gravure_engraving-1.jpg\"><img decoding=\"async\" src=\"https:\/\/archives.promoplastik.com\/wp-content\/uploads\/2022\/09\/2021-09-02_vit_promplast-9_laser_gravure_engraving-1.jpg\" data-orig-src=\"https:\/\/archives.promoplastik.com\/wp-content\/uploads\/2022\/09\/2021-09-02_vit_promplast-9_laser_gravure_engraving-1.jpg\" width=\"1805\" height=\"1205\" alt=\"\" title=\"2021-09-02_vit_promplast-9_laser_gravure_engraving\" aria-label=\"2021-09-02_vit_promplast-9_laser_gravure_engraving\" class=\"lazyload img-responsive wp-image-2453\" srcset=\"data:image\/svg+xml,%3Csvg%20xmlns%3D%27http%3A%2F%2Fwww.w3.org%2F2000%2Fsvg%27%20width%3D%271805%27%20height%3D%271205%27%20viewBox%3D%270%200%201805%201205%27%3E%3Crect%20width%3D%271805%27%20height%3D%271205%27%20fill-opacity%3D%220%22%2F%3E%3C%2Fsvg%3E\" data-srcset=\"https:\/\/archives.promoplastik.com\/wp-content\/uploads\/2022\/09\/2021-09-02_vit_promplast-9_laser_gravure_engraving-1-200x134.jpg 200w, https:\/\/archives.promoplastik.com\/wp-content\/uploads\/2022\/09\/2021-09-02_vit_promplast-9_laser_gravure_engraving-1-400x267.jpg 400w, https:\/\/archives.promoplastik.com\/wp-content\/uploads\/2022\/09\/2021-09-02_vit_promplast-9_laser_gravure_engraving-1-600x401.jpg 600w, https:\/\/archives.promoplastik.com\/wp-content\/uploads\/2022\/09\/2021-09-02_vit_promplast-9_laser_gravure_engraving-1-800x534.jpg 800w, https:\/\/archives.promoplastik.com\/wp-content\/uploads\/2022\/09\/2021-09-02_vit_promplast-9_laser_gravure_engraving-1-1200x801.jpg 1200w, https:\/\/archives.promoplastik.com\/wp-content\/uploads\/2022\/09\/2021-09-02_vit_promplast-9_laser_gravure_engraving-1.jpg 1805w\" data-sizes=\"auto\" data-orig-sizes=\"(min-width: 2200px) 100vw, (min-width: 784px) 393px, (min-width: 712px) 590px, (min-width: 640px) 712px, \" \/><\/div><\/a><\/div><\/div><div style=\"padding:10px;\" class=\"fusion-grid-column fusion-gallery-column fusion-gallery-column-3 fusion-element-landscape fusion-element-portrait\"><div class=\"fusion-gallery-image fusion-gallery-image-liftup\"><a href=\"https:\/\/archives.promoplastik.com\/wp-content\/uploads\/2022\/09\/LaserEngravingDSC02582-scaled.jpg\" rel=\"noreferrer\" data-rel=\"iLightbox[gallery_image_1]\" class=\"fusion-lightbox\" target=\"_self\"><div style=\"padding-top:calc((100% + 20px) * 0.8);background-position:;\" class=\"fusion-masonry-element-container lazyload\" data-bg=\"https:\/\/archives.promoplastik.com\/wp-content\/uploads\/2022\/09\/LaserEngravingDSC02582-scaled.jpg\"><img decoding=\"async\" src=\"https:\/\/archives.promoplastik.com\/wp-content\/uploads\/2022\/09\/LaserEngravingDSC02582-scaled.jpg\" data-orig-src=\"https:\/\/archives.promoplastik.com\/wp-content\/uploads\/2022\/09\/LaserEngravingDSC02582-scaled.jpg\" width=\"2560\" height=\"1707\" alt=\"\" title=\"LaserEngravingDSC02582\" aria-label=\"LaserEngravingDSC02582\" class=\"lazyload img-responsive wp-image-2455\" srcset=\"data:image\/svg+xml,%3Csvg%20xmlns%3D%27http%3A%2F%2Fwww.w3.org%2F2000%2Fsvg%27%20width%3D%272560%27%20height%3D%271707%27%20viewBox%3D%270%200%202560%201707%27%3E%3Crect%20width%3D%272560%27%20height%3D%271707%27%20fill-opacity%3D%220%22%2F%3E%3C%2Fsvg%3E\" data-srcset=\"https:\/\/archives.promoplastik.com\/wp-content\/uploads\/2022\/09\/LaserEngravingDSC02582-200x133.jpg 200w, https:\/\/archives.promoplastik.com\/wp-content\/uploads\/2022\/09\/LaserEngravingDSC02582-400x267.jpg 400w, https:\/\/archives.promoplastik.com\/wp-content\/uploads\/2022\/09\/LaserEngravingDSC02582-600x400.jpg 600w, https:\/\/archives.promoplastik.com\/wp-content\/uploads\/2022\/09\/LaserEngravingDSC02582-800x533.jpg 800w, https:\/\/archives.promoplastik.com\/wp-content\/uploads\/2022\/09\/LaserEngravingDSC02582-1200x800.jpg 1200w, https:\/\/archives.promoplastik.com\/wp-content\/uploads\/2022\/09\/LaserEngravingDSC02582-scaled.jpg 2560w\" data-sizes=\"auto\" data-orig-sizes=\"(min-width: 2200px) 100vw, (min-width: 640px) 1200px, \" \/><\/div><\/a><\/div><\/div><div style=\"padding:10px;\" class=\"fusion-grid-column fusion-gallery-column fusion-gallery-column-3 fusion-element-grid\"><div class=\"fusion-gallery-image fusion-gallery-image-liftup\"><a href=\"https:\/\/archives.promoplastik.com\/wp-content\/uploads\/2022\/09\/DSC02588_laser_gravure_engraving-1.jpg\" rel=\"noreferrer\" data-rel=\"iLightbox[gallery_image_1]\" class=\"fusion-lightbox\" target=\"_self\"><div style=\"padding-top:calc((100% + 20px) * 0.8 - 10px);background-position:;\" class=\"fusion-masonry-element-container lazyload\" data-bg=\"https:\/\/archives.promoplastik.com\/wp-content\/uploads\/2022\/09\/DSC02588_laser_gravure_engraving-1.jpg\"><img decoding=\"async\" src=\"https:\/\/archives.promoplastik.com\/wp-content\/uploads\/2022\/09\/DSC02588_laser_gravure_engraving-1.jpg\" data-orig-src=\"https:\/\/archives.promoplastik.com\/wp-content\/uploads\/2022\/09\/DSC02588_laser_gravure_engraving-1.jpg\" width=\"1568\" height=\"2160\" alt=\"\" title=\"DSC02588_laser_gravure_engraving\" aria-label=\"DSC02588_laser_gravure_engraving\" class=\"lazyload img-responsive wp-image-2454\" srcset=\"data:image\/svg+xml,%3Csvg%20xmlns%3D%27http%3A%2F%2Fwww.w3.org%2F2000%2Fsvg%27%20width%3D%271568%27%20height%3D%272160%27%20viewBox%3D%270%200%201568%202160%27%3E%3Crect%20width%3D%271568%27%20height%3D%272160%27%20fill-opacity%3D%220%22%2F%3E%3C%2Fsvg%3E\" data-srcset=\"https:\/\/archives.promoplastik.com\/wp-content\/uploads\/2022\/09\/DSC02588_laser_gravure_engraving-1-200x276.jpg 200w, https:\/\/archives.promoplastik.com\/wp-content\/uploads\/2022\/09\/DSC02588_laser_gravure_engraving-1-400x551.jpg 400w, https:\/\/archives.promoplastik.com\/wp-content\/uploads\/2022\/09\/DSC02588_laser_gravure_engraving-1-600x827.jpg 600w, https:\/\/archives.promoplastik.com\/wp-content\/uploads\/2022\/09\/DSC02588_laser_gravure_engraving-1-800x1102.jpg 800w, https:\/\/archives.promoplastik.com\/wp-content\/uploads\/2022\/09\/DSC02588_laser_gravure_engraving-1-1200x1653.jpg 1200w, https:\/\/archives.promoplastik.com\/wp-content\/uploads\/2022\/09\/DSC02588_laser_gravure_engraving-1.jpg 1568w\" data-sizes=\"auto\" data-orig-sizes=\"(min-width: 2200px) 100vw, (min-width: 784px) 393px, (min-width: 712px) 590px, (min-width: 640px) 712px, \" \/><\/div><\/a><\/div><\/div><div style=\"padding:10px;\" class=\"fusion-grid-column fusion-gallery-column fusion-gallery-column-3 fusion-element-grid\"><div class=\"fusion-gallery-image fusion-gallery-image-liftup\"><a href=\"https:\/\/archives.promoplastik.com\/wp-content\/uploads\/2022\/09\/LaserEngravingGabaritDSC02601.jpg\" rel=\"noreferrer\" data-rel=\"iLightbox[gallery_image_1]\" class=\"fusion-lightbox\" target=\"_self\"><div style=\"padding-top:calc((100% + 20px) * 0.8 - 10px);background-position:;\" class=\"fusion-masonry-element-container lazyload\" data-bg=\"https:\/\/archives.promoplastik.com\/wp-content\/uploads\/2022\/09\/LaserEngravingGabaritDSC02601.jpg\"><img decoding=\"async\" src=\"https:\/\/archives.promoplastik.com\/wp-content\/uploads\/2022\/09\/LaserEngravingGabaritDSC02601.jpg\" data-orig-src=\"https:\/\/archives.promoplastik.com\/wp-content\/uploads\/2022\/09\/LaserEngravingGabaritDSC02601.jpg\" width=\"1013\" height=\"1080\" alt=\"\" title=\"LaserEngravingGabaritDSC02601\" aria-label=\"LaserEngravingGabaritDSC02601\" class=\"lazyload img-responsive wp-image-2456\" srcset=\"data:image\/svg+xml,%3Csvg%20xmlns%3D%27http%3A%2F%2Fwww.w3.org%2F2000%2Fsvg%27%20width%3D%271013%27%20height%3D%271080%27%20viewBox%3D%270%200%201013%201080%27%3E%3Crect%20width%3D%271013%27%20height%3D%271080%27%20fill-opacity%3D%220%22%2F%3E%3C%2Fsvg%3E\" data-srcset=\"https:\/\/archives.promoplastik.com\/wp-content\/uploads\/2022\/09\/LaserEngravingGabaritDSC02601-200x213.jpg 200w, https:\/\/archives.promoplastik.com\/wp-content\/uploads\/2022\/09\/LaserEngravingGabaritDSC02601-400x426.jpg 400w, https:\/\/archives.promoplastik.com\/wp-content\/uploads\/2022\/09\/LaserEngravingGabaritDSC02601-600x640.jpg 600w, https:\/\/archives.promoplastik.com\/wp-content\/uploads\/2022\/09\/LaserEngravingGabaritDSC02601-800x853.jpg 800w, https:\/\/archives.promoplastik.com\/wp-content\/uploads\/2022\/09\/LaserEngravingGabaritDSC02601.jpg 1013w\" data-sizes=\"auto\" data-orig-sizes=\"(min-width: 2200px) 100vw, (min-width: 784px) 393px, (min-width: 712px) 590px, (min-width: 640px) 712px, \" \/><\/div><\/a><\/div><\/div><\/div><\/div><\/div><\/div><div class=\"fusion-layout-column fusion_builder_column fusion-builder-column-2 fusion_builder_column_1_2 1_2 fusion-flex-column\" style=\"--awb-bg-size:cover;--awb-width-large:50%;--awb-margin-top-large:10px;--awb-spacing-right-large:3.84%;--awb-margin-bottom-large:0px;--awb-spacing-left-large:3.84%;--awb-width-medium:100%;--awb-order-medium:0;--awb-spacing-right-medium:1.92%;--awb-spacing-left-medium:1.92%;--awb-width-small:100%;--awb-order-small:0;--awb-spacing-right-small:1.92%;--awb-spacing-left-small:1.92%;\"><div class=\"fusion-column-wrapper fusion-column-has-shadow fusion-flex-justify-content-flex-start fusion-content-layout-column\"><div class=\"fusion-text fusion-text-1\"><p style=\"color: #3e4561;\">Utilisez la gravure au laser pour graver les surfaces planes de diff\u00e9rents substrats. L&rsquo;espace publicitaire peut atteindre 36&Prime; x 24&Prime;.<\/p>\n<p>On grave surtout sur du bois. La qualit\u00e9 de l&rsquo;impression est directement li\u00e9e \u00e0 la qualit\u00e9 du mat\u00e9riau. La profondeur de la gravure et l&rsquo;orientation du bois ont un impact sur l&rsquo;apparence de l&rsquo;impression.<\/p>\n<\/div><div ><a class=\"fusion-button button-flat fusion-button-default-size button-default fusion-button-default button-1 fusion-button-default-span fusion-button-default-type\" target=\"_self\"><span class=\"fusion-button-text\">Demandez un devis<\/span><\/a><\/div><\/div><\/div><\/div><\/div><div class=\"fusion-fullwidth fullwidth-box fusion-builder-row-2 fusion-flex-container has-pattern-background has-mask-background nonhundred-percent-fullwidth non-hundred-percent-height-scrolling\" style=\"--awb-border-radius-top-left:0px;--awb-border-radius-top-right:0px;--awb-border-radius-bottom-right:0px;--awb-border-radius-bottom-left:0px;--awb-padding-top:30px;--awb-padding-right:20px;--awb-padding-bottom:30px;--awb-flex-wrap:wrap;\" ><div class=\"fusion-builder-row fusion-row fusion-flex-align-items-flex-start fusion-flex-content-wrap\" style=\"max-width:1248px;margin-left: calc(-4% \/ 2 );margin-right: calc(-4% \/ 2 );\"><div class=\"fusion-layout-column fusion_builder_column fusion-builder-column-3 fusion_builder_column_1_3 1_3 fusion-flex-column fusion-flex-align-self-center\" style=\"--awb-bg-size:cover;--awb-width-large:33.333333333333%;--awb-margin-top-large:10px;--awb-spacing-right-large:5.76%;--awb-margin-bottom-large:0px;--awb-spacing-left-large:5.76%;--awb-width-medium:100%;--awb-order-medium:0;--awb-spacing-right-medium:1.92%;--awb-spacing-left-medium:1.92%;--awb-width-small:100%;--awb-order-small:0;--awb-spacing-right-small:1.92%;--awb-spacing-left-small:1.92%;\"><div class=\"fusion-column-wrapper fusion-column-has-shadow fusion-flex-justify-content-flex-start fusion-content-layout-column\"><div class=\"fusion-title title fusion-title-3 fusion-sep-none fusion-title-text fusion-title-size-two\"><h2 class=\"fusion-title-heading title-heading-left fusion-responsive-typography-calculated\" style=\"margin:0;--fontSize:36;line-height:1.28;\">Exemples de produits que nous avons grav\u00e9s<br \/><\/h2><\/div><\/div><\/div><div class=\"fusion-layout-column fusion_builder_column fusion-builder-column-4 fusion_builder_column_2_3 2_3 fusion-flex-column fusion-flex-align-self-center\" style=\"--awb-bg-size:cover;--awb-width-large:66.666666666667%;--awb-margin-top-large:10px;--awb-spacing-right-large:2.88%;--awb-margin-bottom-large:0px;--awb-spacing-left-large:2.88%;--awb-width-medium:100%;--awb-order-medium:0;--awb-spacing-right-medium:1.92%;--awb-spacing-left-medium:1.92%;--awb-width-small:100%;--awb-order-small:0;--awb-spacing-right-small:1.92%;--awb-spacing-left-small:1.92%;\"><div class=\"fusion-column-wrapper fusion-column-has-shadow fusion-flex-justify-content-center fusion-content-layout-column\"><div class=\"fusion-builder-row fusion-builder-row-inner fusion-row fusion-flex-align-items-flex-start fusion-flex-content-wrap\" style=\"width:104% !important;max-width:104% !important;margin-left: calc(-4% \/ 2 );margin-right: calc(-4% \/ 2 );\"><div class=\"fusion-layout-column fusion_builder_column_inner fusion-builder-nested-column-0 fusion_builder_column_inner_1_2 1_2 fusion-flex-column fusion-flex-align-self-center\" style=\"--awb-bg-size:cover;--awb-width-large:50%;--awb-margin-top-large:10px;--awb-spacing-right-large:3.84%;--awb-margin-bottom-large:0px;--awb-spacing-left-large:3.84%;--awb-width-medium:100%;--awb-order-medium:0;--awb-spacing-right-medium:1.92%;--awb-spacing-left-medium:1.92%;--awb-width-small:100%;--awb-order-small:0;--awb-spacing-right-small:1.92%;--awb-spacing-left-small:1.92%;\"><div class=\"fusion-column-wrapper fusion-column-has-shadow fusion-flex-justify-content-flex-start fusion-content-layout-column\"><div class=\"fusion-image-element \" style=\"--awb-aspect-ratio:5 \/ 4;--awb-caption-title-font-family:var(--h2_typography-font-family);--awb-caption-title-font-weight:var(--h2_typography-font-weight);--awb-caption-title-font-style:var(--h2_typography-font-style);--awb-caption-title-size:var(--h2_typography-font-size);--awb-caption-title-transform:var(--h2_typography-text-transform);--awb-caption-title-line-height:var(--h2_typography-line-height);--awb-caption-title-letter-spacing:var(--h2_typography-letter-spacing);\"><span class=\" fusion-imageframe imageframe-none imageframe-1 hover-type-none has-aspect-ratio\"><img decoding=\"async\" width=\"1512\" height=\"2016\" title=\"LaserEngravingTempsCigale\" src=\"https:\/\/archives.promoplastik.com\/wp-content\/uploads\/2022\/09\/LaserEngravingTempsCigale.png\" data-orig-src=\"https:\/\/promoplastik.com\/wp-content\/uploads\/2022\/09\/LaserEngravingTempsCigale.png\" class=\"lazyload img-responsive wp-image-3682 img-with-aspect-ratio\" alt srcset=\"data:image\/svg+xml,%3Csvg%20xmlns%3D%27http%3A%2F%2Fwww.w3.org%2F2000%2Fsvg%27%20width%3D%271512%27%20height%3D%272016%27%20viewBox%3D%270%200%201512%202016%27%3E%3Crect%20width%3D%271512%27%20height%3D%272016%27%20fill-opacity%3D%220%22%2F%3E%3C%2Fsvg%3E\" data-srcset=\"https:\/\/archives.promoplastik.com\/wp-content\/uploads\/2022\/09\/LaserEngravingTempsCigale-200x267.png 200w, https:\/\/archives.promoplastik.com\/wp-content\/uploads\/2022\/09\/LaserEngravingTempsCigale-400x533.png 400w, https:\/\/archives.promoplastik.com\/wp-content\/uploads\/2022\/09\/LaserEngravingTempsCigale-600x800.png 600w, https:\/\/archives.promoplastik.com\/wp-content\/uploads\/2022\/09\/LaserEngravingTempsCigale-800x1067.png 800w, https:\/\/archives.promoplastik.com\/wp-content\/uploads\/2022\/09\/LaserEngravingTempsCigale-1200x1600.png 1200w, https:\/\/archives.promoplastik.com\/wp-content\/uploads\/2022\/09\/LaserEngravingTempsCigale.png 1512w\" data-sizes=\"auto\" data-orig-sizes=\"(max-width: 900px) 100vw, (max-width: 640px) 100vw, 600px\" \/><\/span><\/div><\/div><\/div><div class=\"fusion-layout-column fusion_builder_column_inner fusion-builder-nested-column-1 fusion_builder_column_inner_1_2 1_2 fusion-flex-column\" style=\"--awb-bg-size:cover;--awb-width-large:50%;--awb-margin-top-large:10px;--awb-spacing-right-large:3.84%;--awb-margin-bottom-large:0px;--awb-spacing-left-large:3.84%;--awb-width-medium:100%;--awb-order-medium:0;--awb-spacing-right-medium:1.92%;--awb-spacing-left-medium:1.92%;--awb-width-small:100%;--awb-order-small:0;--awb-spacing-right-small:1.92%;--awb-spacing-left-small:1.92%;\"><div class=\"fusion-column-wrapper fusion-column-has-shadow fusion-flex-justify-content-flex-start fusion-content-layout-column\"><div class=\"fusion-image-element \" style=\"--awb-caption-title-font-family:var(--h2_typography-font-family);--awb-caption-title-font-weight:var(--h2_typography-font-weight);--awb-caption-title-font-style:var(--h2_typography-font-style);--awb-caption-title-size:var(--h2_typography-font-size);--awb-caption-title-transform:var(--h2_typography-text-transform);--awb-caption-title-line-height:var(--h2_typography-line-height);--awb-caption-title-letter-spacing:var(--h2_typography-letter-spacing);\"><span class=\" fusion-imageframe imageframe-none imageframe-2 hover-type-none\"><img decoding=\"async\" width=\"894\" height=\"907\" title=\"LaserEngravingCagoutelebois\" src=\"https:\/\/archives.promoplastik.com\/wp-content\/uploads\/2022\/09\/LaserEngravingCagoutelebois.jpg\" data-orig-src=\"https:\/\/promoplastik.com\/wp-content\/uploads\/2022\/09\/LaserEngravingCagoutelebois.jpg\" alt class=\"lazyload img-responsive wp-image-3683\" srcset=\"data:image\/svg+xml,%3Csvg%20xmlns%3D%27http%3A%2F%2Fwww.w3.org%2F2000%2Fsvg%27%20width%3D%27894%27%20height%3D%27907%27%20viewBox%3D%270%200%20894%20907%27%3E%3Crect%20width%3D%27894%27%20height%3D%27907%27%20fill-opacity%3D%220%22%2F%3E%3C%2Fsvg%3E\" data-srcset=\"https:\/\/archives.promoplastik.com\/wp-content\/uploads\/2022\/09\/LaserEngravingCagoutelebois-200x203.jpg 200w, https:\/\/archives.promoplastik.com\/wp-content\/uploads\/2022\/09\/LaserEngravingCagoutelebois-400x406.jpg 400w, https:\/\/archives.promoplastik.com\/wp-content\/uploads\/2022\/09\/LaserEngravingCagoutelebois-600x609.jpg 600w, https:\/\/archives.promoplastik.com\/wp-content\/uploads\/2022\/09\/LaserEngravingCagoutelebois-800x812.jpg 800w, https:\/\/archives.promoplastik.com\/wp-content\/uploads\/2022\/09\/LaserEngravingCagoutelebois.jpg 894w\" data-sizes=\"auto\" data-orig-sizes=\"(max-width: 900px) 100vw, (max-width: 640px) 100vw, 600px\" \/><\/span><\/div><\/div><\/div><\/div><\/div><\/div><\/div><\/div><\/p>\n","protected":false},"excerpt":{"rendered":"","protected":false},"author":4,"featured_media":0,"parent":0,"menu_order":0,"comment_status":"closed","ping_status":"closed","template":"100-width.php","meta":{"footnotes":""},"class_list":["post-3908","page","type-page","status-publish","hentry"],"yoast_head":"<!-- This site is optimized with the Yoast SEO plugin v27.3 - https:\/\/yoast.com\/product\/yoast-seo-wordpress\/ -->\n<title>Gravure au laser - PromoPlastik<\/title>\n<meta name=\"robots\" content=\"noindex, follow, max-snippet:-1, max-image-preview:large, max-video-preview:-1\" \/>\n<meta property=\"og:locale\" content=\"fr_FR\" \/>\n<meta property=\"og:type\" content=\"article\" \/>\n<meta property=\"og:title\" content=\"Gravure au laser - PromoPlastik\" \/>\n<meta property=\"og:url\" content=\"https:\/\/archives.promoplastik.com\/fr\/gravure-au-laser\/\" \/>\n<meta property=\"og:site_name\" content=\"PromoPlastik\" \/>\n<meta property=\"article:modified_time\" content=\"2022-10-14T14:34:36+00:00\" \/>\n<meta name=\"twitter:card\" content=\"summary_large_image\" \/>\n<meta name=\"twitter:label1\" content=\"Dur\u00e9e de lecture estim\u00e9e\" \/>\n\t<meta name=\"twitter:data1\" content=\"13 minutes\" \/>\n<script type=\"application\/ld+json\" class=\"yoast-schema-graph\">{\"@context\":\"https:\\\/\\\/schema.org\",\"@graph\":[{\"@type\":\"WebPage\",\"@id\":\"https:\\\/\\\/archives.promoplastik.com\\\/fr\\\/gravure-au-laser\\\/\",\"url\":\"https:\\\/\\\/archives.promoplastik.com\\\/fr\\\/gravure-au-laser\\\/\",\"name\":\"Gravure au laser - PromoPlastik\",\"isPartOf\":{\"@id\":\"https:\\\/\\\/archives.promoplastik.com\\\/fr\\\/#website\"},\"datePublished\":\"2022-09-22T18:35:45+00:00\",\"dateModified\":\"2022-10-14T14:34:36+00:00\",\"breadcrumb\":{\"@id\":\"https:\\\/\\\/archives.promoplastik.com\\\/fr\\\/gravure-au-laser\\\/#breadcrumb\"},\"inLanguage\":\"fr-FR\",\"potentialAction\":[{\"@type\":\"ReadAction\",\"target\":[\"https:\\\/\\\/archives.promoplastik.com\\\/fr\\\/gravure-au-laser\\\/\"]}]},{\"@type\":\"BreadcrumbList\",\"@id\":\"https:\\\/\\\/archives.promoplastik.com\\\/fr\\\/gravure-au-laser\\\/#breadcrumb\",\"itemListElement\":[{\"@type\":\"ListItem\",\"position\":1,\"name\":\"Accueil\",\"item\":\"https:\\\/\\\/archives.promoplastik.com\\\/fr\\\/\"},{\"@type\":\"ListItem\",\"position\":2,\"name\":\"Gravure au laser\"}]},{\"@type\":\"WebSite\",\"@id\":\"https:\\\/\\\/archives.promoplastik.com\\\/fr\\\/#website\",\"url\":\"https:\\\/\\\/archives.promoplastik.com\\\/fr\\\/\",\"name\":\"PromoPlastik\",\"description\":\"Coop\u00e9rative de travailleurs\",\"potentialAction\":[{\"@type\":\"SearchAction\",\"target\":{\"@type\":\"EntryPoint\",\"urlTemplate\":\"https:\\\/\\\/archives.promoplastik.com\\\/fr\\\/?s={search_term_string}\"},\"query-input\":{\"@type\":\"PropertyValueSpecification\",\"valueRequired\":true,\"valueName\":\"search_term_string\"}}],\"inLanguage\":\"fr-FR\"}]}<\/script>\n<!-- \/ Yoast SEO plugin. -->","yoast_head_json":{"title":"Gravure au laser - PromoPlastik","robots":{"index":"noindex","follow":"follow","max-snippet":"max-snippet:-1","max-image-preview":"max-image-preview:large","max-video-preview":"max-video-preview:-1"},"og_locale":"fr_FR","og_type":"article","og_title":"Gravure au laser - PromoPlastik","og_url":"https:\/\/archives.promoplastik.com\/fr\/gravure-au-laser\/","og_site_name":"PromoPlastik","article_modified_time":"2022-10-14T14:34:36+00:00","twitter_card":"summary_large_image","twitter_misc":{"Dur\u00e9e de lecture estim\u00e9e":"13 minutes"},"schema":{"@context":"https:\/\/schema.org","@graph":[{"@type":"WebPage","@id":"https:\/\/archives.promoplastik.com\/fr\/gravure-au-laser\/","url":"https:\/\/archives.promoplastik.com\/fr\/gravure-au-laser\/","name":"Gravure au laser - PromoPlastik","isPartOf":{"@id":"https:\/\/archives.promoplastik.com\/fr\/#website"},"datePublished":"2022-09-22T18:35:45+00:00","dateModified":"2022-10-14T14:34:36+00:00","breadcrumb":{"@id":"https:\/\/archives.promoplastik.com\/fr\/gravure-au-laser\/#breadcrumb"},"inLanguage":"fr-FR","potentialAction":[{"@type":"ReadAction","target":["https:\/\/archives.promoplastik.com\/fr\/gravure-au-laser\/"]}]},{"@type":"BreadcrumbList","@id":"https:\/\/archives.promoplastik.com\/fr\/gravure-au-laser\/#breadcrumb","itemListElement":[{"@type":"ListItem","position":1,"name":"Accueil","item":"https:\/\/archives.promoplastik.com\/fr\/"},{"@type":"ListItem","position":2,"name":"Gravure au laser"}]},{"@type":"WebSite","@id":"https:\/\/archives.promoplastik.com\/fr\/#website","url":"https:\/\/archives.promoplastik.com\/fr\/","name":"PromoPlastik","description":"Coop\u00e9rative de travailleurs","potentialAction":[{"@type":"SearchAction","target":{"@type":"EntryPoint","urlTemplate":"https:\/\/archives.promoplastik.com\/fr\/?s={search_term_string}"},"query-input":{"@type":"PropertyValueSpecification","valueRequired":true,"valueName":"search_term_string"}}],"inLanguage":"fr-FR"}]}},"_links":{"self":[{"href":"https:\/\/archives.promoplastik.com\/fr\/wp-json\/wp\/v2\/pages\/3908","targetHints":{"allow":["GET"]}}],"collection":[{"href":"https:\/\/archives.promoplastik.com\/fr\/wp-json\/wp\/v2\/pages"}],"about":[{"href":"https:\/\/archives.promoplastik.com\/fr\/wp-json\/wp\/v2\/types\/page"}],"author":[{"embeddable":true,"href":"https:\/\/archives.promoplastik.com\/fr\/wp-json\/wp\/v2\/users\/4"}],"replies":[{"embeddable":true,"href":"https:\/\/archives.promoplastik.com\/fr\/wp-json\/wp\/v2\/comments?post=3908"}],"version-history":[{"count":11,"href":"https:\/\/archives.promoplastik.com\/fr\/wp-json\/wp\/v2\/pages\/3908\/revisions"}],"predecessor-version":[{"id":4433,"href":"https:\/\/archives.promoplastik.com\/fr\/wp-json\/wp\/v2\/pages\/3908\/revisions\/4433"}],"wp:attachment":[{"href":"https:\/\/archives.promoplastik.com\/fr\/wp-json\/wp\/v2\/media?parent=3908"}],"curies":[{"name":"wp","href":"https:\/\/api.w.org\/{rel}","templated":true}]}}